{"id":17817,"date":"2025-08-27T19:11:09","date_gmt":"2025-08-27T17:11:09","guid":{"rendered":"https:\/\/exprimeyourself.com\/?post_type=product&#038;p=17817"},"modified":"2025-08-27T19:11:15","modified_gmt":"2025-08-27T17:11:15","slug":"bague-gwenaelle-aigue-marine","status":"publish","type":"product","link":"https:\/\/exprimeyourself.com\/en\/produit\/bague-gwenaelle-aigue-marine\/","title":{"rendered":"Bague Gwena\u00eblle- Aigue marine"},"content":{"rendered":"<p>Hommage aux racines celtiques et \u00e0 la m\u00e9moire transmise, la bague <strong>Gwena\u00eblle<\/strong> porte en elle le souffle des l\u00e9gendes anciennes.<\/p>\n\n\n\n<p>Son design en <strong>double infini<\/strong>, fa\u00e7onn\u00e9 \u00e0 la main en argent 925, symbolise les cycles \u00e9ternels et le lien indestructible entre g\u00e9n\u00e9rations. En son centre, une <strong>aigue-marine facett\u00e9e<\/strong>, pierre de clart\u00e9 et de s\u00e9r\u00e9nit\u00e9, capte la lumi\u00e8re avec \u00e9clat.<\/p>\n\n\n\n<p>Chaque d\u00e9tail a n\u00e9cessit\u00e9 une extr\u00eame <strong>minutie<\/strong>, entre torsions de filigrane, \u00e9quilibre des boucles et sertissage minutieux de la gemme.<\/p>\n\n\n\n<p>\ud83c\udf3f Gwena\u00eblle incarne \u00e0 la fois l\u2019\u00e9l\u00e9gance intemporelle et la puissance des racines, une pi\u00e8ce unique pens\u00e9e comme un talisman \u00e0 porter au quotidien.<\/p>\n\n\n\n<ul class=\"wp-block-list\">\n<li>Sterling Silver<\/li>\n\n\n\n<li>Aigue-marine facett\u00e9e<\/li>\n\n\n\n<li>Taille r\u00e9glable ou \u00e0 votre taille sur mesure ( \u00e0 pr\u00e9ciser par mail)<\/li>\n\n\n\n<li>Symbole du double infini celtique<\/li>\n<\/ul>","protected":false},"excerpt":{"rendered":"<p>Hommage aux racines celtiques et \u00e0 la m\u00e9moire transmise, la bague Gwena\u00eblle porte en elle le souffle des l\u00e9gendes anciennes. Son design en double infini, fa\u00e7onn\u00e9 \u00e0 la main en argent 925, symbolise les cycles \u00e9ternels et le lien indestructible entre g\u00e9n\u00e9rations. En son centre, une aigue-marine facett\u00e9e, pierre de clart\u00e9 et de s\u00e9r\u00e9nit\u00e9, capte [&hellip;]<\/p>","protected":false},"featured_media":17819,"comment_status":"open","ping_status":"closed","template":"","meta":{"_seopress_robots_primary_cat":"","_seopress_titles_title":"","_seopress_titles_desc":"","_seopress_robots_index":""},"product_brand":[],"product_cat":[180,59],"product_tag":[],"class_list":{"0":"post-17817","1":"product","2":"type-product","3":"status-publish","4":"has-post-thumbnail","6":"product_cat-bague","7":"product_cat-bijoux","9":"first","10":"instock","11":"shipping-taxable","12":"purchasable","13":"product-type-simple"},"_links":{"self":[{"href":"https:\/\/exprimeyourself.com\/en\/wp-json\/wp\/v2\/product\/17817","targetHints":{"allow":["GET"]}}],"collection":[{"href":"https:\/\/exprimeyourself.com\/en\/wp-json\/wp\/v2\/product"}],"about":[{"href":"https:\/\/exprimeyourself.com\/en\/wp-json\/wp\/v2\/types\/product"}],"replies":[{"embeddable":true,"href":"https:\/\/exprimeyourself.com\/en\/wp-json\/wp\/v2\/comments?post=17817"}],"wp:featuredmedia":[{"embeddable":true,"href":"https:\/\/exprimeyourself.com\/en\/wp-json\/wp\/v2\/media\/17819"}],"wp:attachment":[{"href":"https:\/\/exprimeyourself.com\/en\/wp-json\/wp\/v2\/media?parent=17817"}],"wp:term":[{"taxonomy":"product_brand","embeddable":true,"href":"https:\/\/exprimeyourself.com\/en\/wp-json\/wp\/v2\/product_brand?post=17817"},{"taxonomy":"product_cat","embeddable":true,"href":"https:\/\/exprimeyourself.com\/en\/wp-json\/wp\/v2\/product_cat?post=17817"},{"taxonomy":"product_tag","embeddable":true,"href":"https:\/\/exprimeyourself.com\/en\/wp-json\/wp\/v2\/product_tag?post=17817"}],"curies":[{"name":"wp","href":"https:\/\/api.w.org\/{rel}","templated":true}]}}