{"id":17802,"date":"2025-08-27T18:16:47","date_gmt":"2025-08-27T16:16:47","guid":{"rendered":"https:\/\/exprimeyourself.com\/?post_type=product&#038;p=17802"},"modified":"2025-08-27T18:17:24","modified_gmt":"2025-08-27T16:17:24","slug":"collier-diana","status":"publish","type":"product","link":"https:\/\/exprimeyourself.com\/en\/produit\/collier-diana\/","title":{"rendered":"Collier Diana \u2013 Argent 925 &amp; 3 perles keshi"},"content":{"rendered":"","protected":false},"excerpt":{"rendered":"<details open>\n<summary>Features<\/summary>\n<div class=\"cg-accordion-item\">\n<ul>\n<li>Gemme : 3 perles keshi v\u00e9ritables + perles de culture rondes<\/li>\n<li>Material: 925 silver<\/li>\n<li>Type :Lariat fermoir mousqueton<\/li>\n<li><\/li>\n<\/ul>\n<\/div>\n<\/details>\n<details >\n<summary>Details<\/summary>\n<div class=\"cg-accordion-item\">\n<p data-start=\"282\" data-end=\"686\">Ic\u00f4ne de gr\u00e2ce et de raffinement, le collier <em data-start=\"327\" data-end=\"334\">Diana<\/em> rend hommage \u00e0 Lady Di, \u00e9ternelle amoureuse des perles.<br data-start=\"390\" data-end=\"393\" \/>Cette cr\u00e9ation met en valeur <strong data-start=\"422\" data-end=\"451\">trois perles keshi rares<\/strong>, r\u00e9put\u00e9es pour leurs formes organiques uniques et leur \u00e9clat nacr\u00e9 incomparable. Contrairement aux perles parfaitement sph\u00e9riques, chaque keishi est une <strong data-start=\"605\" data-end=\"638\">\u0153uvre singuli\u00e8re de la nature<\/strong>, conf\u00e9rant \u00e0 votre bijou une identit\u00e9 unique.<\/p>\n<p data-start=\"688\" data-end=\"907\">Ces perles d\u2019exception sont sublim\u00e9es par des perles de culture rondes aux nuances douces, mont\u00e9es sur une fine cha\u00eene en <strong data-start=\"810\" data-end=\"824\">argent 925<\/strong>. L\u2019ensemble incarne l\u2019\u00e9quilibre parfait entre tradition joailli\u00e8re et modernit\u00e9.<\/p>\n<p data-start=\"688\" data-end=\"907\">Le collier <em data-start=\"1088\" data-end=\"1095\">Diana<\/em> est une pi\u00e8ce ma\u00eetresse intemporelle, symbole d\u2019\u00e9l\u00e9gance royale et d\u2019unicit\u00e9.<\/p>\n<\/div>\n<\/details>\n<details >\n<summary>Delivery and return<\/summary>\n<div class=\"cg-accordion-item\">\n<div id=\"text_block-50-15102\" class=\"ct-text-block\">\n<p>Standard home delivery by colissimo is offered for mainland France, European Union countries and the USA.<\/p>\n<p>Delivery time by country, once the order has been shipped:<\/p>\n<p>\u25cfUnited States: 3 \u2013 15 business days<br \/>\n\u25cf Europe: 6 \u2013 15 working days<br \/>\n\u25cf France: 1 \u2013 7 working days<br \/>\n\u25cf Australia: 3 \u2013 14 business days<br \/>\n\u25cf Japan: 4 \u2013 15 business days<br \/>\n\u25cf Rest of the world: 10 \u2013 28 working days<\/p>\n<p>Delivery time varies considerably during the holiday season or sales.<\/p>\n<\/div>\n<h4 id=\"headline-60-15102\" class=\"ct-headline\">Returns<\/h4>\n<div id=\"text_block-59-15102\" class=\"ct-text-block\">You have 15 days from receipt of your package to return your product.<br \/>\nPlease follow our procedure in our returns policy<\/div>\n<div id=\"text_block-119-15102\" class=\"ct-text-block\">Please note: there is no return possible for incomplete products (warranty, missing instructions for use, etc.), products that are not returned in their original packaging and\/or box and engraved and\/or items. or personalized.<\/div>\n<\/div>\n<\/details>","protected":false},"featured_media":17803,"comment_status":"open","ping_status":"closed","template":"","meta":{"_seopress_robots_primary_cat":"","_seopress_titles_title":"","_seopress_titles_desc":"","_seopress_robots_index":""},"product_brand":[],"product_cat":[],"product_tag":[],"class_list":{"0":"post-17802","1":"product","2":"type-product","3":"status-publish","4":"has-post-thumbnail","7":"first","8":"instock","9":"shipping-taxable","10":"purchasable","11":"product-type-simple"},"_links":{"self":[{"href":"https:\/\/exprimeyourself.com\/en\/wp-json\/wp\/v2\/product\/17802","targetHints":{"allow":["GET"]}}],"collection":[{"href":"https:\/\/exprimeyourself.com\/en\/wp-json\/wp\/v2\/product"}],"about":[{"href":"https:\/\/exprimeyourself.com\/en\/wp-json\/wp\/v2\/types\/product"}],"replies":[{"embeddable":true,"href":"https:\/\/exprimeyourself.com\/en\/wp-json\/wp\/v2\/comments?post=17802"}],"wp:featuredmedia":[{"embeddable":true,"href":"https:\/\/exprimeyourself.com\/en\/wp-json\/wp\/v2\/media\/17803"}],"wp:attachment":[{"href":"https:\/\/exprimeyourself.com\/en\/wp-json\/wp\/v2\/media?parent=17802"}],"wp:term":[{"taxonomy":"product_brand","embeddable":true,"href":"https:\/\/exprimeyourself.com\/en\/wp-json\/wp\/v2\/product_brand?post=17802"},{"taxonomy":"product_cat","embeddable":true,"href":"https:\/\/exprimeyourself.com\/en\/wp-json\/wp\/v2\/product_cat?post=17802"},{"taxonomy":"product_tag","embeddable":true,"href":"https:\/\/exprimeyourself.com\/en\/wp-json\/wp\/v2\/product_tag?post=17802"}],"curies":[{"name":"wp","href":"https:\/\/api.w.org\/{rel}","templated":true}]}}