{"id":16748,"date":"2023-05-29T23:37:48","date_gmt":"2023-05-29T21:37:48","guid":{"rendered":"https:\/\/exprimeyourself.com\/?post_type=product&#038;p=16748"},"modified":"2025-09-08T18:08:47","modified_gmt":"2025-09-08T16:08:47","slug":"aphrodite","status":"publish","type":"product","link":"https:\/\/exprimeyourself.com\/en\/produit\/aphrodite\/","title":{"rendered":"Aphrodite Boucles d&#8217;oreilles pendantes longues en Perles de culture &amp; 2 keshi ,Argent 925"},"content":{"rendered":"","protected":false},"excerpt":{"rendered":"<details open>\n<summary>Features<\/summary>\n<div class=\"cg-accordion-item\">\n<ul>\n<li>Gemme : Perles de\u00a0 blanches et perles keshi de tahiti<\/li>\n<li>Material: 925 silver<\/li>\n<li>Type: Leverback earrings<\/li>\n<li>Size: 8.5 cm long, sleeper included<\/li>\n<\/ul>\n<\/div>\n<\/details>\n<details >\n<summary>Details<\/summary>\n<div class=\"cg-accordion-item\">\n<p data-start=\"347\" data-end=\"555\">Laissez-vous s\u00e9duire par l\u2019\u00e9l\u00e9gance mythologique des boucles <em data-start=\"408\" data-end=\"419\">Aphrodite<\/em>. Inspir\u00e9es de la d\u00e9esse grecque n\u00e9e des flots, elles marient la finesse de l\u2019argent 925 \u00e0 la beaut\u00e9 singuli\u00e8re des perles de <strong data-start=\"597\" data-end=\"613\">keshi<\/strong>.<\/p>\n<p data-start=\"557\" data-end=\"881\">Au c\u0153ur de cette cr\u00e9ation se trouve une <strong data-start=\"597\" data-end=\"613\">perle keshi<\/strong>, rare et pr\u00e9cieuse, r\u00e9put\u00e9e pour ses formes organiques et son \u00e9clat nacr\u00e9 unique. Contrairement aux perles parfaitement rondes, chaque keshi est une v\u00e9ritable \u0153uvre de la nature : aucune ne se ressemble, ce qui conf\u00e8re \u00e0 vos boucles un caract\u00e8re absolument unique.<\/p>\n<p data-start=\"883\" data-end=\"1153\">Pour sublimer cette perle d\u2019exception, elle est accompagn\u00e9e de <strong data-start=\"946\" data-end=\"974\">perles de culture rondes<\/strong>, aux tons blanc, qui apportent douceur et luminosit\u00e9. Ensemble, elles cr\u00e9ent un contraste d\u00e9licat entre la r\u00e9gularit\u00e9 classique et la beaut\u00e9 libre de la perle keshi.<\/p>\n<p data-start=\"883\" data-end=\"1153\">\n<p data-start=\"1357\" data-end=\"1551\">Ces boucles longues illuminent le visage et apportent une touche de raffinement \u00e0 toutes vos tenues, qu\u2019il s\u2019agisse d\u2019un \u00e9v\u00e9nement exceptionnel ou d\u2019un simple geste pour embellir le quotidien.<\/p>\n<p data-start=\"1553\" data-end=\"1709\">Lorsque vous choisissez <em data-start=\"1577\" data-end=\"1588\">Aphrodite<\/em>, vous ne portez pas seulement un bijou : vous portez une <strong data-start=\"1646\" data-end=\"1706\">histoire de mer, de lumi\u00e8re et de savoir-faire artisanal<\/strong>.<\/p>\n<\/div>\n<\/details>\n<details >\n<summary>Delivery and return<\/summary>\n<div class=\"cg-accordion-item\">\n<div id=\"text_block-50-15102\" class=\"ct-text-block\">\n<p>Standard home delivery by colissimo is offered for mainland France, European Union countries and the USA.<\/p>\n<p>Delivery time by country, once the order has been shipped:<\/p>\n<p>\u25cfUnited States: 3 \u2013 15 business days<br \/>\n\u25cf Europe: 6 \u2013 15 working days<br \/>\n\u25cf France: 1 \u2013 7 working days<br \/>\n\u25cf Australia: 3 \u2013 14 business days<br \/>\n\u25cf Japan: 4 \u2013 15 business days<br \/>\n\u25cf Rest of the world: 10 \u2013 28 working days<\/p>\n<p>Delivery time varies considerably during the holiday season or sales.<\/p>\n<\/div>\n<h4 id=\"headline-60-15102\" class=\"ct-headline\">Returns<\/h4>\n<div id=\"text_block-59-15102\" class=\"ct-text-block\">You have 15 days from receipt of your package to return your product.<br \/>\nPlease follow our procedure in our returns policy<\/div>\n<div id=\"text_block-119-15102\" class=\"ct-text-block\">Please note: there is no return possible for incomplete products (warranty, missing instructions for use, etc.), products that are not returned in their original packaging and\/or box and engraved and\/or items. or personalized.<\/div>\n<\/div>\n<\/details>","protected":false},"featured_media":17800,"comment_status":"open","ping_status":"closed","template":"","meta":{"_seopress_robots_primary_cat":"none","_seopress_titles_title":"%%post_title%%","_seopress_titles_desc":"D\u00e9couvrez nos boucles d'oreilles pendantes longues en perles de culture et argent 925. Un bijou artisanal \u00e9l\u00e9gant pour une allure raffin\u00e9e et intemporelle. Exp\u00e9rience d'achat haut de gamme chez ExprimeYourself.","_seopress_robots_index":""},"product_brand":[],"product_cat":[59,90],"product_tag":[],"class_list":{"0":"post-16748","1":"product","2":"type-product","3":"status-publish","4":"has-post-thumbnail","6":"product_cat-bijoux","7":"product_cat-boucles-doreilles","9":"first","10":"instock","11":"shipping-taxable","12":"purchasable","13":"product-type-simple"},"_links":{"self":[{"href":"https:\/\/exprimeyourself.com\/en\/wp-json\/wp\/v2\/product\/16748","targetHints":{"allow":["GET"]}}],"collection":[{"href":"https:\/\/exprimeyourself.com\/en\/wp-json\/wp\/v2\/product"}],"about":[{"href":"https:\/\/exprimeyourself.com\/en\/wp-json\/wp\/v2\/types\/product"}],"replies":[{"embeddable":true,"href":"https:\/\/exprimeyourself.com\/en\/wp-json\/wp\/v2\/comments?post=16748"}],"wp:featuredmedia":[{"embeddable":true,"href":"https:\/\/exprimeyourself.com\/en\/wp-json\/wp\/v2\/media\/17800"}],"wp:attachment":[{"href":"https:\/\/exprimeyourself.com\/en\/wp-json\/wp\/v2\/media?parent=16748"}],"wp:term":[{"taxonomy":"product_brand","embeddable":true,"href":"https:\/\/exprimeyourself.com\/en\/wp-json\/wp\/v2\/product_brand?post=16748"},{"taxonomy":"product_cat","embeddable":true,"href":"https:\/\/exprimeyourself.com\/en\/wp-json\/wp\/v2\/product_cat?post=16748"},{"taxonomy":"product_tag","embeddable":true,"href":"https:\/\/exprimeyourself.com\/en\/wp-json\/wp\/v2\/product_tag?post=16748"}],"curies":[{"name":"wp","href":"https:\/\/api.w.org\/{rel}","templated":true}]}}