{"id":16224,"date":"2023-01-16T17:33:52","date_gmt":"2023-01-16T16:33:52","guid":{"rendered":"https:\/\/exprimeyourself.com\/?post_type=product&#038;p=16224"},"modified":"2025-08-27T19:15:26","modified_gmt":"2025-08-27T17:15:26","slug":"garnet-silver-studs-earrings","status":"publish","type":"product","link":"https:\/\/exprimeyourself.com\/en\/produit\/garnet-silver-studs-earrings\/","title":{"rendered":"Eryna &#8211; Clous d&#8217;oreilles grenat et argent 925 &#8211; minimaliste"},"content":{"rendered":"<p>Unlike the photo these earrings are small! They are approximately 1cm wide.<br \/>\nThey are handmade in our workshop in Provence in France<br \/>\nThese magnificent earrings with their minimal details will delight women who love minimalist jewelry and discreet elegance.<\/p>\n<p>Sold with its box and certificate of authenticity<\/p>\n<p>&nbsp;<\/p>\n<p>Features :<\/p>\n<p>\u2013 Gem: garnet<\/p>\n<p>-Metal: 925 silver<\/p>\n<p>-Size: about 10mm wide<\/p>\n<p>\u2013 Stud type earrings, push closure obviously included (entirely in 925 silver)<\/p>\n<p>&nbsp;<\/p>","protected":false},"excerpt":{"rendered":"<p>Contrairement \u00e0 la photo ces boucles d&#8217;oreilles sont petites! Elles font environ 1cm de large. Elles sont faites main dans notre atelier de Provence en france Ces boucles d&#8217;oreilles magnifiques dans leur d\u00e9tails minimes raviront les femmes amoureuse des bijoux minimaliste et de l&#8217;\u00e9l\u00e9gance discr\u00e8te. Vendu avec son \u00e9crin et son certificat d&#8217;autheticit\u00e9 &nbsp; Caract\u00e9ristiques [&hellip;]<\/p>","protected":false},"featured_media":16227,"comment_status":"open","ping_status":"closed","template":"","meta":{"_seopress_robots_primary_cat":"none","_seopress_titles_title":"","_seopress_titles_desc":"","_seopress_robots_index":""},"product_brand":[],"product_cat":[59,90,63],"product_tag":[],"class_list":{"0":"post-16224","1":"product","2":"type-product","3":"status-publish","4":"has-post-thumbnail","6":"product_cat-bijoux","7":"product_cat-boucles-doreilles","8":"product_cat-minimaliste","10":"first","11":"instock","12":"shipping-taxable","13":"purchasable","14":"product-type-simple"},"_links":{"self":[{"href":"https:\/\/exprimeyourself.com\/en\/wp-json\/wp\/v2\/product\/16224","targetHints":{"allow":["GET"]}}],"collection":[{"href":"https:\/\/exprimeyourself.com\/en\/wp-json\/wp\/v2\/product"}],"about":[{"href":"https:\/\/exprimeyourself.com\/en\/wp-json\/wp\/v2\/types\/product"}],"replies":[{"embeddable":true,"href":"https:\/\/exprimeyourself.com\/en\/wp-json\/wp\/v2\/comments?post=16224"}],"wp:featuredmedia":[{"embeddable":true,"href":"https:\/\/exprimeyourself.com\/en\/wp-json\/wp\/v2\/media\/16227"}],"wp:attachment":[{"href":"https:\/\/exprimeyourself.com\/en\/wp-json\/wp\/v2\/media?parent=16224"}],"wp:term":[{"taxonomy":"product_brand","embeddable":true,"href":"https:\/\/exprimeyourself.com\/en\/wp-json\/wp\/v2\/product_brand?post=16224"},{"taxonomy":"product_cat","embeddable":true,"href":"https:\/\/exprimeyourself.com\/en\/wp-json\/wp\/v2\/product_cat?post=16224"},{"taxonomy":"product_tag","embeddable":true,"href":"https:\/\/exprimeyourself.com\/en\/wp-json\/wp\/v2\/product_tag?post=16224"}],"curies":[{"name":"wp","href":"https:\/\/api.w.org\/{rel}","templated":true}]}}