{"id":16198,"date":"2023-01-16T17:10:54","date_gmt":"2023-01-16T16:10:54","guid":{"rendered":"https:\/\/exprimeyourself.com\/?post_type=product&#038;p=16198"},"modified":"2025-01-17T11:24:16","modified_gmt":"2025-01-17T10:24:16","slug":"4-colors-cultured-pearl-bracelet-minimalist-jewelr","status":"publish","type":"product","link":"https:\/\/exprimeyourself.com\/en\/produit\/4-colors-cultured-pearl-bracelet-minimalist-jewelr\/","title":{"rendered":"Cultured pearl bracelet 4 colors \u2013 Minimalist jewelry"},"content":{"rendered":"<p>Minimalist, elegant and delicate bracelet handmade in France. It is made up of five cultured pearls of different colors (2 gray, one salmon, one golden Belgian and one black). It is made with 925 silver.<\/p>\n<p>It is sold with its box and certificate of authenticity.<\/p>\n<p>Features :<br \/>\nSize: 16cm + 4cm adjustable (20cm in total)<br \/>\nGem: Cultured pearls<\/p>","protected":false},"excerpt":{"rendered":"<p>Bracelet minimaliste, eleguant et d\u00e9licat fait main en France. Il est compos\u00e9 de cinq perles de cultures de couleurs diff\u00e9rentes ( 2 gris, un saumon, un belge dor\u00e9 et un noir) . Il est fait avec de l&#8217;argent 925. Il est vendu avec son ecrin et son certificat d&#8217;authenticit\u00e9 Caract\u00e9ristiques : Taille: 16cm + 4cm [&hellip;]<\/p>","protected":false},"featured_media":16201,"comment_status":"open","ping_status":"closed","template":"","meta":{"_seopress_robots_primary_cat":"","_seopress_titles_title":"","_seopress_titles_desc":"","_seopress_robots_index":""},"product_brand":[],"product_cat":[59,61,63],"product_tag":[],"class_list":{"0":"post-16198","1":"product","2":"type-product","3":"status-publish","4":"has-post-thumbnail","6":"product_cat-bijoux","7":"product_cat-bracelet","8":"product_cat-minimaliste","10":"first","11":"instock","12":"featured","13":"shipping-taxable","14":"purchasable","15":"product-type-simple"},"_links":{"self":[{"href":"https:\/\/exprimeyourself.com\/en\/wp-json\/wp\/v2\/product\/16198","targetHints":{"allow":["GET"]}}],"collection":[{"href":"https:\/\/exprimeyourself.com\/en\/wp-json\/wp\/v2\/product"}],"about":[{"href":"https:\/\/exprimeyourself.com\/en\/wp-json\/wp\/v2\/types\/product"}],"replies":[{"embeddable":true,"href":"https:\/\/exprimeyourself.com\/en\/wp-json\/wp\/v2\/comments?post=16198"}],"wp:featuredmedia":[{"embeddable":true,"href":"https:\/\/exprimeyourself.com\/en\/wp-json\/wp\/v2\/media\/16201"}],"wp:attachment":[{"href":"https:\/\/exprimeyourself.com\/en\/wp-json\/wp\/v2\/media?parent=16198"}],"wp:term":[{"taxonomy":"product_brand","embeddable":true,"href":"https:\/\/exprimeyourself.com\/en\/wp-json\/wp\/v2\/product_brand?post=16198"},{"taxonomy":"product_cat","embeddable":true,"href":"https:\/\/exprimeyourself.com\/en\/wp-json\/wp\/v2\/product_cat?post=16198"},{"taxonomy":"product_tag","embeddable":true,"href":"https:\/\/exprimeyourself.com\/en\/wp-json\/wp\/v2\/product_tag?post=16198"}],"curies":[{"name":"wp","href":"https:\/\/api.w.org\/{rel}","templated":true}]}}