{"id":16120,"date":"2023-01-15T14:48:04","date_gmt":"2023-01-15T13:48:04","guid":{"rendered":"https:\/\/exprimeyourself.com\/?post_type=product&#038;p=16120"},"modified":"2025-08-27T19:35:37","modified_gmt":"2025-08-27T17:35:37","slug":"boho-peridot-and-925-silver-earrings","status":"publish","type":"product","link":"https:\/\/exprimeyourself.com\/en\/produit\/boho-peridot-and-925-silver-earrings\/","title":{"rendered":"Anjun- Boucles d&#8217;oreilles p\u00e9ridot et argent 925"},"content":{"rendered":"<p data-start=\"220\" data-end=\"376\">Les boucles <strong data-start=\"232\" data-end=\"241\">Anjun<\/strong> puisent leur inspiration dans l\u2019\u00e9l\u00e9gance chatoyante des bijoux de bollywood, r\u00e9invent\u00e9s dans une version contemporaine et lumineuse.<\/p>\n<p data-start=\"378\" data-end=\"687\">Chaque boucle est fa\u00e7onn\u00e9e en <strong data-start=\"408\" data-end=\"422\">argent 925<\/strong>, d\u00e9licatement travaill\u00e9 en arabesques et cercles ajour\u00e9s. De fines gouttes de <strong data-start=\"501\" data-end=\"520\">p\u00e9ridot facett\u00e9<\/strong>, pierre de vitalit\u00e9 et d\u2019harmonie, soulignent le contour et dansent \u00e0 chaque mouvement de la t\u00eate. En leur centre, une pierre suspendue capte la lumi\u00e8re avec \u00e9clat.<\/p>\n<p data-start=\"689\" data-end=\"794\">La monture est dot\u00e9e d\u2019une <strong data-start=\"716\" data-end=\"738\">fermeture dormeuse<\/strong> en argent 925, assurant confort et s\u00e9curit\u00e9 au port\u00e9.<\/p>\n<p data-start=\"796\" data-end=\"942\">\ud83d\udc9a Avec leurs reflets verts \u00e9clatants et leur design raffin\u00e9, les boucles <strong data-start=\"870\" data-end=\"879\">Anjun<\/strong> incarnent un bijou statement \u00e0 la fois festif et intemporel.<\/p>\n<ul data-start=\"944\" data-end=\"1043\">\n<li data-start=\"944\" data-end=\"958\">\n<p data-start=\"946\" data-end=\"958\">Sterling Silver<\/p>\n<\/li>\n<li data-start=\"959\" data-end=\"980\">\n<p data-start=\"961\" data-end=\"980\">P\u00e9ridots facett\u00e9s<\/p>\n<\/li>\n<li data-start=\"981\" data-end=\"1017\">\n<p data-start=\"983\" data-end=\"1017\">Fermoirs dormeuses en argent 925<\/p>\n<\/li>\n<li data-start=\"1018\" data-end=\"1043\">\n<p data-start=\"1020\" data-end=\"1043\">Taille 6 cm de long<\/p>\n<\/li>\n<\/ul>","protected":false},"excerpt":{"rendered":"<p>Les boucles Anjun puisent leur inspiration dans l\u2019\u00e9l\u00e9gance chatoyante des bijoux de bollywood, r\u00e9invent\u00e9s dans une version contemporaine et lumineuse. Chaque boucle est fa\u00e7onn\u00e9e en argent 925, d\u00e9licatement travaill\u00e9 en arabesques et cercles ajour\u00e9s. De fines gouttes de p\u00e9ridot facett\u00e9, pierre de vitalit\u00e9 et d\u2019harmonie, soulignent le contour et dansent \u00e0 chaque mouvement de la [&hellip;]<\/p>","protected":false},"featured_media":17827,"comment_status":"open","ping_status":"closed","template":"","meta":{"_seopress_robots_primary_cat":"none","_seopress_titles_title":"","_seopress_titles_desc":"","_seopress_robots_index":""},"product_brand":[],"product_cat":[59,62,90,178],"product_tag":[],"class_list":{"0":"post-16120","1":"product","2":"type-product","3":"status-publish","4":"has-post-thumbnail","6":"product_cat-bijoux","7":"product_cat-boho","8":"product_cat-boucles-doreilles","9":"product_cat-maximaliste","11":"first","12":"instock","13":"shipping-taxable","14":"purchasable","15":"product-type-simple"},"_links":{"self":[{"href":"https:\/\/exprimeyourself.com\/en\/wp-json\/wp\/v2\/product\/16120","targetHints":{"allow":["GET"]}}],"collection":[{"href":"https:\/\/exprimeyourself.com\/en\/wp-json\/wp\/v2\/product"}],"about":[{"href":"https:\/\/exprimeyourself.com\/en\/wp-json\/wp\/v2\/types\/product"}],"replies":[{"embeddable":true,"href":"https:\/\/exprimeyourself.com\/en\/wp-json\/wp\/v2\/comments?post=16120"}],"wp:featuredmedia":[{"embeddable":true,"href":"https:\/\/exprimeyourself.com\/en\/wp-json\/wp\/v2\/media\/17827"}],"wp:attachment":[{"href":"https:\/\/exprimeyourself.com\/en\/wp-json\/wp\/v2\/media?parent=16120"}],"wp:term":[{"taxonomy":"product_brand","embeddable":true,"href":"https:\/\/exprimeyourself.com\/en\/wp-json\/wp\/v2\/product_brand?post=16120"},{"taxonomy":"product_cat","embeddable":true,"href":"https:\/\/exprimeyourself.com\/en\/wp-json\/wp\/v2\/product_cat?post=16120"},{"taxonomy":"product_tag","embeddable":true,"href":"https:\/\/exprimeyourself.com\/en\/wp-json\/wp\/v2\/product_tag?post=16120"}],"curies":[{"name":"wp","href":"https:\/\/api.w.org\/{rel}","templated":true}]}}