{"id":15050,"date":"2022-05-24T13:43:28","date_gmt":"2022-05-24T11:43:28","guid":{"rendered":"https:\/\/exprimeyourself.com\/product\/boucles-doreilles-swarovski-violet-et-maille-byzantine"},"modified":"2025-08-27T18:58:41","modified_gmt":"2025-08-27T16:58:41","slug":"purple-swarovski-earrings-2","status":"publish","type":"product","link":"https:\/\/exprimeyourself.com\/en\/produit\/purple-swarovski-earrings-2\/","title":{"rendered":"Boucles d&#8217;oreilles Ishtar- Cristaux autrichien violet et mailles byzantine en argent 925"},"content":{"rendered":"<p data-start=\"189\" data-end=\"373\">Forg\u00e9es dans la <strong data-start=\"205\" data-end=\"225\">maille byzantine<\/strong>, symbole ancestral de force et de protection, les boucles <strong data-start=\"284\" data-end=\"294\">Ishtar<\/strong> allient la puissance des guerriers d\u2019autrefois \u00e0 l\u2019\u00e9clat raffin\u00e9 du cristal.<\/p>\n<p data-start=\"375\" data-end=\"557\">Chaque paire est compos\u00e9e de dizaines d\u2019anneaux fa\u00e7onn\u00e9s un \u00e0 un en <strong data-start=\"443\" data-end=\"457\">argent 925<\/strong>, assembl\u00e9s patiemment pour former cette trame souple et r\u00e9sistante, h\u00e9rit\u00e9e des armures antiques.<\/p>\n<p data-start=\"559\" data-end=\"804\">En leur centre, deux cristaux <strong data-start=\"589\" data-end=\"611\">Swarovski violet<\/strong>, aujourd\u2019hui introuvables, capturent la lumi\u00e8re comme des gemmes pr\u00e9cieuses. Leur \u00e9clat rare et profond en fait de v\u00e9ritables <strong data-start=\"738\" data-end=\"758\">pi\u00e8ces collector<\/strong>, disponibles uniquement en \u00e9dition limit\u00e9e.<\/p>\n<p data-start=\"806\" data-end=\"966\">\ud83c\udf19 Le nom <strong data-start=\"816\" data-end=\"826\">Ishtar<\/strong>, d\u00e9esse m\u00e9sopotamienne de l\u2019amour et de la guerre, incarne la dualit\u00e9 de ces boucles : la force de la maille et la sensualit\u00e9 du cristal.<\/p>\n<ul data-start=\"968\" data-end=\"1173\">\n<li data-start=\"968\" data-end=\"1028\">\n<p data-start=\"970\" data-end=\"1028\"><strong data-start=\"970\" data-end=\"983\">Mat\u00e9riaux<\/strong> : argent 925, cristaux Swarovski collector<\/p>\n<\/li>\n<li data-start=\"1029\" data-end=\"1076\">\n<p data-start=\"1031\" data-end=\"1076\"><strong data-start=\"1031\" data-end=\"1044\">Technique<\/strong> : maille byzantine artisanale<\/p>\n<\/li>\n<li data-start=\"1077\" data-end=\"1139\">\n<p data-start=\"1079\" data-end=\"1139\"><strong data-start=\"1079\" data-end=\"1100\">Fermeture<\/strong> : Dormeuse<\/p>\n<\/li>\n<li data-start=\"1140\" data-end=\"1173\">\n<p data-start=\"1142\" data-end=\"1173\"><strong data-start=\"1142\" data-end=\"1154\">Longueur<\/strong> : 6,5 cm environ<\/p>\n<\/li>\n<\/ul>\n<p data-start=\"1175\" data-end=\"1302\">\u2728 Des boucles uniques, pens\u00e9es comme des talismans de lumi\u00e8re et de force, pour celles et ceux qui assument leur singularit\u00e9.<\/p>","protected":false},"excerpt":{"rendered":"<p>Forg\u00e9es dans la maille byzantine, symbole ancestral de force et de protection, les boucles Ishtar allient la puissance des guerriers d\u2019autrefois \u00e0 l\u2019\u00e9clat raffin\u00e9 du cristal. Chaque paire est compos\u00e9e de dizaines d\u2019anneaux fa\u00e7onn\u00e9s un \u00e0 un en argent 925, assembl\u00e9s patiemment pour former cette trame souple et r\u00e9sistante, h\u00e9rit\u00e9e des armures antiques. En leur [&hellip;]<\/p>","protected":false},"featured_media":14679,"comment_status":"open","ping_status":"closed","template":"","meta":{"_seopress_robots_primary_cat":"none","_seopress_titles_title":"","_seopress_titles_desc":"","_seopress_robots_index":""},"product_brand":[],"product_cat":[59,90,64],"product_tag":[],"class_list":{"0":"post-15050","1":"product","2":"type-product","3":"status-publish","4":"has-post-thumbnail","6":"product_cat-bijoux","7":"product_cat-boucles-doreilles","8":"product_cat-cadeau-pour-elle","10":"first","11":"instock","12":"shipping-taxable","13":"purchasable","14":"product-type-simple"},"_links":{"self":[{"href":"https:\/\/exprimeyourself.com\/en\/wp-json\/wp\/v2\/product\/15050","targetHints":{"allow":["GET"]}}],"collection":[{"href":"https:\/\/exprimeyourself.com\/en\/wp-json\/wp\/v2\/product"}],"about":[{"href":"https:\/\/exprimeyourself.com\/en\/wp-json\/wp\/v2\/types\/product"}],"replies":[{"embeddable":true,"href":"https:\/\/exprimeyourself.com\/en\/wp-json\/wp\/v2\/comments?post=15050"}],"wp:featuredmedia":[{"embeddable":true,"href":"https:\/\/exprimeyourself.com\/en\/wp-json\/wp\/v2\/media\/14679"}],"wp:attachment":[{"href":"https:\/\/exprimeyourself.com\/en\/wp-json\/wp\/v2\/media?parent=15050"}],"wp:term":[{"taxonomy":"product_brand","embeddable":true,"href":"https:\/\/exprimeyourself.com\/en\/wp-json\/wp\/v2\/product_brand?post=15050"},{"taxonomy":"product_cat","embeddable":true,"href":"https:\/\/exprimeyourself.com\/en\/wp-json\/wp\/v2\/product_cat?post=15050"},{"taxonomy":"product_tag","embeddable":true,"href":"https:\/\/exprimeyourself.com\/en\/wp-json\/wp\/v2\/product_tag?post=15050"}],"curies":[{"name":"wp","href":"https:\/\/api.w.org\/{rel}","templated":true}]}}